{"id":53,"date":"2019-01-28T10:48:58","date_gmt":"2019-01-28T09:48:58","guid":{"rendered":"http:\/\/fermeduloup.fr\/?page_id=53"},"modified":"2021-09-07T13:55:34","modified_gmt":"2021-09-07T11:55:34","slug":"aux-alentours","status":"publish","type":"page","link":"http:\/\/fermeduloup.fr\/?page_id=53","title":{"rendered":"Cucuron et ses alentours"},"content":{"rendered":"\n<figure class=\"wp-block-gallery columns-1 is-cropped\"><ul class=\"blocks-gallery-grid\"><li class=\"blocks-gallery-item\"><figure><img loading=\"lazy\" width=\"1024\" height=\"683\" src=\"http:\/\/fermeduloup.fr\/wp-content\/uploads\/2019\/03\/Alentours-Lourmarin-01-1024x683.jpg\" alt=\"\" data-id=\"334\" data-link=\"http:\/\/fermeduloup.fr\/?attachment_id=334\" class=\"wp-image-334\" srcset=\"http:\/\/fermeduloup.fr\/wp-content\/uploads\/2019\/03\/Alentours-Lourmarin-01-1024x683.jpg 1024w, http:\/\/fermeduloup.fr\/wp-content\/uploads\/2019\/03\/Alentours-Lourmarin-01-300x200.jpg 300w, http:\/\/fermeduloup.fr\/wp-content\/uploads\/2019\/03\/Alentours-Lourmarin-01-768x512.jpg 768w\" sizes=\"(max-width: 1024px) 100vw, 1024px\" \/><figcaption class=\"blocks-gallery-item__caption\">Lourmarin<\/figcaption><\/figure><\/li><\/ul><\/figure>\n\n\n\n<ul class=\"wp-block-gallery columns-4 is-cropped\"><li class=\"blocks-gallery-item\"><figure><a href=\"http:\/\/fermeduloup.fr\/wp-content\/uploads\/2019\/03\/Alentours-Ansouis-01-1024x683.jpg\" data-rel=\"lightbox-image-0\" data-rl_title=\"\" data-rl_caption=\"\" title=\"\"><img loading=\"lazy\" width=\"1024\" height=\"683\" src=\"http:\/\/fermeduloup.fr\/wp-content\/uploads\/2019\/03\/Alentours-Ansouis-01-1024x683.jpg\" alt=\"\" data-id=\"329\" data-link=\"http:\/\/fermeduloup.fr\/?attachment_id=329\" class=\"wp-image-329\" srcset=\"http:\/\/fermeduloup.fr\/wp-content\/uploads\/2019\/03\/Alentours-Ansouis-01-1024x683.jpg 1024w, http:\/\/fermeduloup.fr\/wp-content\/uploads\/2019\/03\/Alentours-Ansouis-01-300x200.jpg 300w, http:\/\/fermeduloup.fr\/wp-content\/uploads\/2019\/03\/Alentours-Ansouis-01-768x512.jpg 768w\" sizes=\"(max-width: 1024px) 100vw, 1024px\" \/><\/a><figcaption>Ansouis<\/figcaption><\/figure><\/li><li class=\"blocks-gallery-item\"><figure><a href=\"http:\/\/fermeduloup.fr\/wp-content\/uploads\/2019\/03\/Alentours-Cabri\u00e8resDAigues-01-1024x683.jpg\" data-rel=\"lightbox-image-1\" data-rl_title=\"\" data-rl_caption=\"\" title=\"\"><img loading=\"lazy\" width=\"1024\" height=\"683\" src=\"http:\/\/fermeduloup.fr\/wp-content\/uploads\/2019\/03\/Alentours-Cabri\u00e8resDAigues-01-1024x683.jpg\" alt=\"\" data-id=\"330\" data-link=\"http:\/\/fermeduloup.fr\/?attachment_id=330\" class=\"wp-image-330\" srcset=\"http:\/\/fermeduloup.fr\/wp-content\/uploads\/2019\/03\/Alentours-Cabri\u00e8resDAigues-01-1024x683.jpg 1024w, http:\/\/fermeduloup.fr\/wp-content\/uploads\/2019\/03\/Alentours-Cabri\u00e8resDAigues-01-300x200.jpg 300w, http:\/\/fermeduloup.fr\/wp-content\/uploads\/2019\/03\/Alentours-Cabri\u00e8resDAigues-01-768x512.jpg 768w\" sizes=\"(max-width: 1024px) 100vw, 1024px\" \/><\/a><figcaption>Cabri\u00e8res d&rsquo;Aigues<\/figcaption><\/figure><\/li><li class=\"blocks-gallery-item\"><figure><a href=\"http:\/\/fermeduloup.fr\/wp-content\/uploads\/2019\/03\/Alentours-Etang-de-la-Bonde-01-1024x683.jpg\" data-rel=\"lightbox-image-2\" data-rl_title=\"\" data-rl_caption=\"\" title=\"\"><img loading=\"lazy\" width=\"1024\" height=\"683\" src=\"http:\/\/fermeduloup.fr\/wp-content\/uploads\/2019\/03\/Alentours-Etang-de-la-Bonde-01-1024x683.jpg\" alt=\"\" data-id=\"331\" data-link=\"http:\/\/fermeduloup.fr\/?attachment_id=331\" class=\"wp-image-331\" srcset=\"http:\/\/fermeduloup.fr\/wp-content\/uploads\/2019\/03\/Alentours-Etang-de-la-Bonde-01-1024x683.jpg 1024w, http:\/\/fermeduloup.fr\/wp-content\/uploads\/2019\/03\/Alentours-Etang-de-la-Bonde-01-300x200.jpg 300w, http:\/\/fermeduloup.fr\/wp-content\/uploads\/2019\/03\/Alentours-Etang-de-la-Bonde-01-768x512.jpg 768w\" sizes=\"(max-width: 1024px) 100vw, 1024px\" \/><\/a><figcaption>Etang de la Bonde<\/figcaption><\/figure><\/li><li class=\"blocks-gallery-item\"><figure><a href=\"http:\/\/fermeduloup.fr\/wp-content\/uploads\/2019\/03\/Alentours-Grambois-01.jpg\" data-rel=\"lightbox-image-3\" data-rl_title=\"\" data-rl_caption=\"\" title=\"\"><img loading=\"lazy\" width=\"930\" height=\"558\" src=\"http:\/\/fermeduloup.fr\/wp-content\/uploads\/2019\/03\/Alentours-Grambois-01.jpg\" alt=\"\" data-id=\"332\" data-link=\"http:\/\/fermeduloup.fr\/?attachment_id=332\" class=\"wp-image-332\" srcset=\"http:\/\/fermeduloup.fr\/wp-content\/uploads\/2019\/03\/Alentours-Grambois-01.jpg 930w, http:\/\/fermeduloup.fr\/wp-content\/uploads\/2019\/03\/Alentours-Grambois-01-300x180.jpg 300w, http:\/\/fermeduloup.fr\/wp-content\/uploads\/2019\/03\/Alentours-Grambois-01-768x461.jpg 768w\" sizes=\"(max-width: 930px) 100vw, 930px\" \/><\/a><figcaption>Grambois<\/figcaption><\/figure><\/li><li class=\"blocks-gallery-item\"><figure><a href=\"http:\/\/fermeduloup.fr\/wp-content\/uploads\/2019\/03\/Alentours-Lauris-01-1024x683.jpg\" data-rel=\"lightbox-image-4\" data-rl_title=\"\" data-rl_caption=\"\" title=\"\"><img loading=\"lazy\" width=\"1024\" height=\"683\" src=\"http:\/\/fermeduloup.fr\/wp-content\/uploads\/2019\/03\/Alentours-Lauris-01-1024x683.jpg\" alt=\"\" data-id=\"333\" data-link=\"http:\/\/fermeduloup.fr\/?attachment_id=333\" class=\"wp-image-333\" srcset=\"http:\/\/fermeduloup.fr\/wp-content\/uploads\/2019\/03\/Alentours-Lauris-01-1024x683.jpg 1024w, http:\/\/fermeduloup.fr\/wp-content\/uploads\/2019\/03\/Alentours-Lauris-01-300x200.jpg 300w, http:\/\/fermeduloup.fr\/wp-content\/uploads\/2019\/03\/Alentours-Lauris-01-768x512.jpg 768w\" sizes=\"(max-width: 1024px) 100vw, 1024px\" \/><\/a><figcaption>Lauris<\/figcaption><\/figure><\/li><li class=\"blocks-gallery-item\"><figure><a href=\"http:\/\/fermeduloup.fr\/wp-content\/uploads\/2019\/03\/Alentours-Lourmarin-01-1024x683.jpg\" data-rel=\"lightbox-image-5\" data-rl_title=\"\" data-rl_caption=\"\" title=\"\"><img loading=\"lazy\" width=\"1024\" height=\"683\" src=\"http:\/\/fermeduloup.fr\/wp-content\/uploads\/2019\/03\/Alentours-Lourmarin-01-1024x683.jpg\" alt=\"\" data-id=\"334\" data-link=\"http:\/\/fermeduloup.fr\/?attachment_id=334\" class=\"wp-image-334\" srcset=\"http:\/\/fermeduloup.fr\/wp-content\/uploads\/2019\/03\/Alentours-Lourmarin-01-1024x683.jpg 1024w, http:\/\/fermeduloup.fr\/wp-content\/uploads\/2019\/03\/Alentours-Lourmarin-01-300x200.jpg 300w, http:\/\/fermeduloup.fr\/wp-content\/uploads\/2019\/03\/Alentours-Lourmarin-01-768x512.jpg 768w\" sizes=\"(max-width: 1024px) 100vw, 1024px\" \/><\/a><figcaption>Lourmarin<\/figcaption><\/figure><\/li><li class=\"blocks-gallery-item\"><figure><a href=\"http:\/\/fermeduloup.fr\/wp-content\/uploads\/2019\/03\/Alentours-Mirabeau-01-1024x683.jpg\" data-rel=\"lightbox-image-6\" data-rl_title=\"\" data-rl_caption=\"\" title=\"\"><img loading=\"lazy\" width=\"1024\" height=\"683\" src=\"http:\/\/fermeduloup.fr\/wp-content\/uploads\/2019\/03\/Alentours-Mirabeau-01-1024x683.jpg\" alt=\"\" data-id=\"335\" data-link=\"http:\/\/fermeduloup.fr\/?attachment_id=335\" class=\"wp-image-335\" srcset=\"http:\/\/fermeduloup.fr\/wp-content\/uploads\/2019\/03\/Alentours-Mirabeau-01-1024x683.jpg 1024w, http:\/\/fermeduloup.fr\/wp-content\/uploads\/2019\/03\/Alentours-Mirabeau-01-300x200.jpg 300w, http:\/\/fermeduloup.fr\/wp-content\/uploads\/2019\/03\/Alentours-Mirabeau-01-768x512.jpg 768w\" sizes=\"(max-width: 1024px) 100vw, 1024px\" \/><\/a><figcaption>Mirabeau<\/figcaption><\/figure><\/li><li class=\"blocks-gallery-item\"><figure><a href=\"http:\/\/fermeduloup.fr\/wp-content\/uploads\/2019\/03\/Alentours-Rustrel-03-1024x683.jpg\" data-rel=\"lightbox-image-7\" data-rl_title=\"\" data-rl_caption=\"\" title=\"\"><img loading=\"lazy\" width=\"1024\" height=\"683\" src=\"http:\/\/fermeduloup.fr\/wp-content\/uploads\/2019\/03\/Alentours-Rustrel-03-1024x683.jpg\" alt=\"\" data-id=\"338\" data-link=\"http:\/\/fermeduloup.fr\/?attachment_id=338\" class=\"wp-image-338\" srcset=\"http:\/\/fermeduloup.fr\/wp-content\/uploads\/2019\/03\/Alentours-Rustrel-03-1024x683.jpg 1024w, http:\/\/fermeduloup.fr\/wp-content\/uploads\/2019\/03\/Alentours-Rustrel-03-300x200.jpg 300w, http:\/\/fermeduloup.fr\/wp-content\/uploads\/2019\/03\/Alentours-Rustrel-03-768x512.jpg 768w\" sizes=\"(max-width: 1024px) 100vw, 1024px\" \/><\/a><figcaption>Rustrel<\/figcaption><\/figure><\/li><li class=\"blocks-gallery-item\"><figure><a href=\"http:\/\/fermeduloup.fr\/wp-content\/uploads\/2019\/03\/Alentours-Rustrel-02-1024x683.jpg\" data-rel=\"lightbox-image-8\" data-rl_title=\"\" data-rl_caption=\"\" title=\"\"><img loading=\"lazy\" width=\"1024\" height=\"683\" src=\"http:\/\/fermeduloup.fr\/wp-content\/uploads\/2019\/03\/Alentours-Rustrel-02-1024x683.jpg\" alt=\"\" data-id=\"337\" data-link=\"http:\/\/fermeduloup.fr\/?attachment_id=337\" class=\"wp-image-337\" srcset=\"http:\/\/fermeduloup.fr\/wp-content\/uploads\/2019\/03\/Alentours-Rustrel-02-1024x683.jpg 1024w, http:\/\/fermeduloup.fr\/wp-content\/uploads\/2019\/03\/Alentours-Rustrel-02-300x200.jpg 300w, http:\/\/fermeduloup.fr\/wp-content\/uploads\/2019\/03\/Alentours-Rustrel-02-768x512.jpg 768w\" sizes=\"(max-width: 1024px) 100vw, 1024px\" \/><\/a><figcaption>Rustrel Colorado<\/figcaption><\/figure><\/li><li class=\"blocks-gallery-item\"><figure><a href=\"http:\/\/fermeduloup.fr\/wp-content\/uploads\/2019\/03\/Alentours-Rustrel-01-1024x683.jpg\" data-rel=\"lightbox-image-9\" data-rl_title=\"\" data-rl_caption=\"\" title=\"\"><img loading=\"lazy\" width=\"1024\" height=\"683\" src=\"http:\/\/fermeduloup.fr\/wp-content\/uploads\/2019\/03\/Alentours-Rustrel-01-1024x683.jpg\" alt=\"\" data-id=\"336\" data-link=\"http:\/\/fermeduloup.fr\/?attachment_id=336\" class=\"wp-image-336\" srcset=\"http:\/\/fermeduloup.fr\/wp-content\/uploads\/2019\/03\/Alentours-Rustrel-01-1024x683.jpg 1024w, http:\/\/fermeduloup.fr\/wp-content\/uploads\/2019\/03\/Alentours-Rustrel-01-300x200.jpg 300w, http:\/\/fermeduloup.fr\/wp-content\/uploads\/2019\/03\/Alentours-Rustrel-01-768x512.jpg 768w\" sizes=\"(max-width: 1024px) 100vw, 1024px\" \/><\/a><figcaption>Rustrel Colorado<\/figcaption><\/figure><\/li><li class=\"blocks-gallery-item\"><figure><a href=\"http:\/\/fermeduloup.fr\/wp-content\/uploads\/2019\/03\/Alentours-StSaturninLesApts-03-1024x683.jpg\" data-rel=\"lightbox-image-10\" data-rl_title=\"\" data-rl_caption=\"\" title=\"\"><img loading=\"lazy\" width=\"1024\" height=\"683\" src=\"http:\/\/fermeduloup.fr\/wp-content\/uploads\/2019\/03\/Alentours-StSaturninLesApts-03-1024x683.jpg\" alt=\"\" data-id=\"341\" data-link=\"http:\/\/fermeduloup.fr\/?attachment_id=341\" class=\"wp-image-341\" srcset=\"http:\/\/fermeduloup.fr\/wp-content\/uploads\/2019\/03\/Alentours-StSaturninLesApts-03-1024x683.jpg 1024w, http:\/\/fermeduloup.fr\/wp-content\/uploads\/2019\/03\/Alentours-StSaturninLesApts-03-300x200.jpg 300w, http:\/\/fermeduloup.fr\/wp-content\/uploads\/2019\/03\/Alentours-StSaturninLesApts-03-768x512.jpg 768w\" sizes=\"(max-width: 1024px) 100vw, 1024px\" \/><\/a><figcaption>Saint Saturnin les Apts<\/figcaption><\/figure><\/li><li class=\"blocks-gallery-item\"><figure><a href=\"http:\/\/fermeduloup.fr\/wp-content\/uploads\/2019\/03\/Alentours-StSaturninLesApts-02-1024x683.jpg\" data-rel=\"lightbox-image-11\" data-rl_title=\"\" data-rl_caption=\"\" title=\"\"><img loading=\"lazy\" width=\"1024\" height=\"683\" src=\"http:\/\/fermeduloup.fr\/wp-content\/uploads\/2019\/03\/Alentours-StSaturninLesApts-02-1024x683.jpg\" alt=\"\" data-id=\"340\" data-link=\"http:\/\/fermeduloup.fr\/?attachment_id=340\" class=\"wp-image-340\" srcset=\"http:\/\/fermeduloup.fr\/wp-content\/uploads\/2019\/03\/Alentours-StSaturninLesApts-02-1024x683.jpg 1024w, http:\/\/fermeduloup.fr\/wp-content\/uploads\/2019\/03\/Alentours-StSaturninLesApts-02-300x200.jpg 300w, http:\/\/fermeduloup.fr\/wp-content\/uploads\/2019\/03\/Alentours-StSaturninLesApts-02-768x512.jpg 768w\" sizes=\"(max-width: 1024px) 100vw, 1024px\" \/><\/a><figcaption>Saint Saturnin les Apts<\/figcaption><\/figure><\/li><\/ul>\n\n\n\n<h4><em>Cucuron<\/em><\/h4>\n\n\n\n<p><\/p>\n\n\n\n<p>Cucuron est un village vivant, toute l&rsquo;ann\u00e9e, proposant de belles activit\u00e9s et festivit\u00e9s:<\/p>\n\n\n\n<ul><li>March\u00e9 nocturne une fois par semaine mi-juillet \u00e0 mi-ao\u00fbt<\/li><li>Rencontre de mod\u00e9lisme naval fin ao\u00fbt<\/li><\/ul>\n\n\n\n<p>Cucuron propose de belles galeries d&rsquo;art et artisans<\/p>\n\n\n\n<p>Son march\u00e9 hebdomadaire, pr\u00e9sent toute l&rsquo;ann\u00e9e, les mardis matin sur la place de l&rsquo;Etang, propose de beaux produits artisanaux.<\/p>\n\n\n\n<p>C\u00f4t\u00e9 gastronomie, de bons restaurants tels que La Petite Maison de Cucuron, MatCha, bar le Cercle de Cucuron, le Restaurant de l&rsquo;Etang, la Dame Jeanne et pour une petite pause fraicheur La Glaci\u00e8re qui vous propose ses d\u00e9licieuses glaces maison <\/p>\n\n\n\n<h4><em>Balades et activit\u00e9s<\/em><\/h4>\n\n\n\n<p>Cucuron offre de beaux \u00e9quipements tels que des terrains de tennis, de p\u00e9tanque, de football et un skate-park ainsi que de nombreuses randonn\u00e9es \u00e0 pied ou \u00e0 v\u00e9lo.<\/p>\n\n\n\n<p>La montagne du Luberon pour faire de belles balades, hors-saison<\/p>\n\n\n\n<ul><li>l&rsquo;Etang de La Bonde, pour profiter en famille d&rsquo;un lieu de baignade \u00e0 10 minutes en voiture<\/li><li>les Falaises de Buoux<\/li><li>la For\u00eat des C\u00e8dres : pour profiter de belles balades \u00e0 l\u2019ombre de ces grands arbres centenaires<\/li><li>le Colorado Proven\u00e7al : pour une sublime promenade dans les sables aux multiples teintes d&rsquo;ocres<\/li><li>les Gorges du R\u00e9galon ou d&rsquo;Opedette<\/li><\/ul>\n\n\n\n<p><\/p>\n","protected":false},"excerpt":{"rendered":"<p>Cucuron Cucuron est un village vivant, toute l&rsquo;ann\u00e9e, proposant de belles activit\u00e9s et festivit\u00e9s: March\u00e9 nocturne une fois par semaine&hellip;<\/p>\n","protected":false},"author":1,"featured_media":0,"parent":0,"menu_order":0,"comment_status":"closed","ping_status":"closed","template":"","meta":{"ngg_post_thumbnail":0},"_links":{"self":[{"href":"http:\/\/fermeduloup.fr\/index.php?rest_route=\/wp\/v2\/pages\/53"}],"collection":[{"href":"http:\/\/fermeduloup.fr\/index.php?rest_route=\/wp\/v2\/pages"}],"about":[{"href":"http:\/\/fermeduloup.fr\/index.php?rest_route=\/wp\/v2\/types\/page"}],"author":[{"embeddable":true,"href":"http:\/\/fermeduloup.fr\/index.php?rest_route=\/wp\/v2\/users\/1"}],"replies":[{"embeddable":true,"href":"http:\/\/fermeduloup.fr\/index.php?rest_route=%2Fwp%2Fv2%2Fcomments&post=53"}],"version-history":[{"count":25,"href":"http:\/\/fermeduloup.fr\/index.php?rest_route=\/wp\/v2\/pages\/53\/revisions"}],"predecessor-version":[{"id":557,"href":"http:\/\/fermeduloup.fr\/index.php?rest_route=\/wp\/v2\/pages\/53\/revisions\/557"}],"wp:attachment":[{"href":"http:\/\/fermeduloup.fr\/index.php?rest_route=%2Fwp%2Fv2%2Fmedia&parent=53"}],"curies":[{"name":"wp","href":"https:\/\/api.w.org\/{rel}","templated":true}]}}